{"id":1181,"date":"2022-05-19T13:32:28","date_gmt":"2022-05-19T12:32:28","guid":{"rendered":"https:\/\/support.fp-safe.com\/erklarung\/"},"modified":"2022-05-25T18:51:32","modified_gmt":"2022-05-25T17:51:32","slug":"erklarung","status":"publish","type":"page","link":"https:\/\/support.fp-safe.com\/de\/erklarung\/","title":{"rendered":"ERKL\u00c4RUNG"},"content":{"rendered":"<p><div class=\"fusion-fullwidth fullwidth-box fusion-builder-row-1 nonhundred-percent-fullwidth non-hundred-percent-height-scrolling\" style=\"background-color: rgba(255,255,255,0);background-position: center center;background-repeat: no-repeat;padding-top:20px;padding-right:0px;padding-bottom:20px;padding-left:0px;margin-bottom: 0px;margin-top: 0px;border-width: 0px 0px 0px 0px;border-color:#eae9e9;border-style:solid;\" ><div class=\"fusion-builder-row fusion-row\"><div class=\"fusion-layout-column fusion_builder_column fusion-builder-column-0 fusion_builder_column_1_1 1_1 fusion-one-full fusion-column-first fusion-column-last\" style=\"margin-top:0px;margin-bottom:20px;\"><div class=\"fusion-column-wrapper fusion-flex-column-wrapper-legacy\" style=\"background-position:left top;background-repeat:no-repeat;-webkit-background-size:cover;-moz-background-size:cover;-o-background-size:cover;background-size:cover;padding: 0px 0px 0px 0px;\"><div class=\"fusion-sep-clear\"><\/div><div class=\"fusion-separator fusion-full-width-sep\" style=\"margin-left: auto;margin-right: auto;margin-top:20px;margin-bottom:20px;width:100%;\"><\/div><div class=\"fusion-sep-clear\"><\/div><style type=\"text\/css\"><\/style><div class=\"fusion-title title fusion-title-1 fusion-sep-none fusion-title-text fusion-title-size-one\" style=\"margin-top:0px;margin-right:0px;margin-bottom:0px;margin-left:0px;\"><h1 class=\"title-heading-left fusion-responsive-typography-calculated\" style=\"margin:0;--fontSize:40;line-height:1.12;\">Erkl\u00e4rung<\/h1><\/div><div class=\"fusion-sep-clear\"><\/div><div class=\"fusion-separator fusion-full-width-sep\" style=\"margin-left: auto;margin-right: auto;margin-top:20px;margin-bottom:20px;width:100%;\"><\/div><div class=\"fusion-sep-clear\"><\/div><div class=\"fusion-text fusion-text-1\"><p>Auf dieser Seite erkl\u00e4ren wir mit Video-Tutorials, wie der FP Safe funktioniert:<\/p>\n<ol>\n<li>A bis Z Video-Handbuch\n<ol>\n<li>iOS-Version<\/li>\n<li>Android-Version<\/li>\n<\/ol>\n<\/li>\n<li>Gem\u00e4\u00df Bestellung (nur f\u00fcr Rechnung, nicht f\u00fcr Online-Kauf)<\/li>\n<li>Erstellen Sie einen zus\u00e4tzlichen Benutzer<\/li>\n<\/ol>\n<p>Unten auf der Seite unter der \u00dcberschrift \u201eFehlerbehebung\u201c finden Sie L\u00f6sungen f\u00fcr m\u00f6gliche Synchronisierungs- oder Scannerprobleme.<\/p>\n<\/div><div class=\"fusion-clearfix\"><\/div><\/div><\/div><\/div><\/div><div class=\"fusion-fullwidth fullwidth-box fusion-builder-row-2 nonhundred-percent-fullwidth non-hundred-percent-height-scrolling\" style=\"background-color: rgba(255,255,255,0);background-position: center center;background-repeat: no-repeat;padding-top:20px;padding-right:0px;padding-bottom:20px;padding-left:0px;margin-bottom: 0px;margin-top: 0px;border-width: 0px 0px 0px 0px;border-color:#eae9e9;border-style:solid;\" ><div class=\"fusion-builder-row fusion-row\"><div class=\"fusion-layout-column fusion_builder_column fusion-builder-column-1 fusion_builder_column_1_1 1_1 fusion-one-full fusion-column-first fusion-column-last\" style=\"margin-top:0px;margin-bottom:20px;\"><div class=\"fusion-column-wrapper fusion-flex-column-wrapper-legacy\" style=\"background-position:left top;background-repeat:no-repeat;-webkit-background-size:cover;-moz-background-size:cover;-o-background-size:cover;background-size:cover;padding: 0px 0px 0px 0px;\"><div class=\"fusion-sep-clear\"><\/div><div class=\"fusion-separator fusion-full-width-sep\" style=\"margin-left: auto;margin-right: auto;margin-top:20px;margin-bottom:20px;width:100%;\"><\/div><div class=\"fusion-sep-clear\"><\/div><style type=\"text\/css\"><\/style><div class=\"fusion-title title fusion-title-2 fusion-sep-none fusion-title-text fusion-title-size-one\" style=\"margin-top:0px;margin-right:0px;margin-bottom:0px;margin-left:0px;\"><h1 class=\"title-heading-left fusion-responsive-typography-calculated\" style=\"margin:0;--fontSize:40;line-height:1.12;\">Allgemeine Video-Anleitungen<\/h1><\/div><div class=\"fusion-sep-clear\"><\/div><div class=\"fusion-separator fusion-full-width-sep\" style=\"margin-left: auto;margin-right: auto;margin-top:20px;margin-bottom:20px;width:100%;\"><\/div><div class=\"fusion-sep-clear\"><\/div><div class=\"fusion-text fusion-text-2\"><h3>1.1 Video von A bis Z<\/h3>\n<p>iOS-Version<\/p>\n<\/div><div class=\"fusion-video fusion-vimeo\" style=\"max-width:1100px;max-height:700px;\"><div class=\"video-shortcode\"><iframe title=\"Vimeo video player 1\" src=\"https:\/\/player.vimeo.com\/video\/677819851?autoplay=0&autopause=0\" width=\"1100\" height=\"700\" allowfullscreen allow=\"autoplay; fullscreen\"><\/iframe><\/div><\/div><div class=\"fusion-sep-clear\"><\/div><div class=\"fusion-separator fusion-full-width-sep\" style=\"margin-left: auto;margin-right: auto;margin-top:20px;margin-bottom:20px;width:100%;\"><\/div><div class=\"fusion-sep-clear\"><\/div><div class=\"fusion-text fusion-text-3\"><h3>1.2 Video von A bis Z<\/h3>\n<p>Android-Version<\/p>\n<\/div><div class=\"fusion-video fusion-vimeo\" style=\"max-width:1100px;max-height:700px;\"><div class=\"video-shortcode\"><iframe title=\"Vimeo video player 2\" src=\"https:\/\/player.vimeo.com\/video\/680345472?autoplay=0&autopause=0\" width=\"1100\" height=\"700\" allowfullscreen allow=\"autoplay; fullscreen\"><\/iframe><\/div><\/div><div class=\"fusion-sep-clear\"><\/div><div class=\"fusion-separator fusion-full-width-sep\" style=\"margin-left: auto;margin-right: auto;margin-top:20px;margin-bottom:20px;width:100%;\"><\/div><div class=\"fusion-sep-clear\"><\/div><div class=\"fusion-text fusion-text-4\"><h3>2 Bestellung best\u00e4tigen<\/h3>\n<p>Erfolgt eine Bestellung auf Rechnung, muss der Unternehmer die Bestellung im FP Safe manuell best\u00e4tigen. Erst dann wird die Bestellung bearbeitet und der Schmuck verarbeitet. Diese Aktion ist nicht erforderlich, wenn der FP-Safe-Shop mit einer Online-Kasse verbunden ist.<\/p>\n<\/div><div class=\"fusion-video fusion-vimeo\" style=\"max-width:1100px;max-height:700px;\"><div class=\"video-shortcode\"><iframe title=\"Vimeo video player 3\" src=\"https:\/\/player.vimeo.com\/video\/713723452?autoplay=0&autopause=0\" width=\"1100\" height=\"700\" allowfullscreen allow=\"autoplay; fullscreen\"><\/iframe><\/div><\/div><div class=\"fusion-sep-clear\"><\/div><div class=\"fusion-separator fusion-full-width-sep\" style=\"margin-left: auto;margin-right: auto;margin-top:20px;margin-bottom:20px;width:100%;\"><\/div><div class=\"fusion-sep-clear\"><\/div><div class=\"fusion-text fusion-text-5\"><h3>3 Benutzer erstellen<\/h3>\n<p>Dieses Video zeigt, wie ein Admin-Benutzer ein neues Benutzerkonto f\u00fcr einen Kollegen erstellt.<\/p>\n<\/div><div class=\"fusion-video fusion-vimeo\" style=\"max-width:1100px;max-height:700px;\"><div class=\"video-shortcode\"><iframe title=\"Vimeo video player 4\" src=\"https:\/\/player.vimeo.com\/video\/713723640?autoplay=0&autopause=0\" width=\"1100\" height=\"700\" allowfullscreen allow=\"autoplay; fullscreen\"><\/iframe><\/div><\/div><div class=\"fusion-sep-clear\"><\/div><div class=\"fusion-separator fusion-full-width-sep\" style=\"margin-left: auto;margin-right: auto;margin-top:20px;margin-bottom:20px;width:100%;\"><\/div><div class=\"fusion-sep-clear\"><\/div><style type=\"text\/css\"><\/style><div class=\"fusion-title title fusion-title-3 fusion-sep-none fusion-title-text fusion-title-size-one\" style=\"margin-top:0px;margin-right:0px;margin-bottom:0px;margin-left:0px;\"><h1 class=\"title-heading-left fusion-responsive-typography-calculated\" style=\"margin:0;--fontSize:40;line-height:1.12;\">Probleme l\u00f6sen<\/h1><\/div><div class=\"fusion-sep-clear\"><\/div><div class=\"fusion-separator fusion-full-width-sep\" style=\"margin-left: auto;margin-right: auto;margin-top:20px;margin-bottom:20px;width:100%;\"><\/div><div class=\"fusion-sep-clear\"><\/div><div class=\"fusion-text fusion-text-6\"><h3>Verbinden Sie den Scanner mit dem iPhone<\/h3>\n<\/div><div class=\"fusion-video fusion-vimeo\" style=\"max-width:1100px;max-height:700px;\"><div class=\"video-shortcode\"><iframe title=\"Vimeo video player 5\" src=\"https:\/\/player.vimeo.com\/video\/713746184?autoplay=0&autopause=0\" width=\"1100\" height=\"700\" allowfullscreen allow=\"autoplay; fullscreen\"><\/iframe><\/div><\/div><div class=\"fusion-sep-clear\"><\/div><div class=\"fusion-separator fusion-full-width-sep\" style=\"margin-left: auto;margin-right: auto;margin-top:20px;margin-bottom:20px;width:100%;\"><\/div><div class=\"fusion-sep-clear\"><\/div><div class=\"fusion-text fusion-text-7\"><h3>Verbinden Sie den Scanner mit dem Android-Telefon<\/h3>\n<\/div><div class=\"fusion-video fusion-vimeo\" style=\"max-width:1100px;max-height:700px;\"><div class=\"video-shortcode\"><iframe title=\"Vimeo video player 6\" src=\"https:\/\/player.vimeo.com\/video\/713746141?autoplay=0&autopause=0\" width=\"1100\" height=\"700\" allowfullscreen allow=\"autoplay; fullscreen\"><\/iframe><\/div><\/div><div class=\"fusion-sep-clear\"><\/div><div class=\"fusion-separator fusion-full-width-sep\" style=\"margin-left: auto;margin-right: auto;margin-top:20px;margin-bottom:20px;width:100%;\"><\/div><div class=\"fusion-sep-clear\"><\/div><div class=\"fusion-text fusion-text-8\"><h3>Scanner-Android-Ortungsdienste EIN<\/h3>\n<p>In diesem Video sehen Sie, wie Sie die Ortungsfunktionen einschalten, damit der Scanner mit dem Android-Smartphone funktioniert. Wenn die Ortungsdienste f\u00fcr das Android-Telefon ausgeschaltet sind, wird der Scanner nicht mit der FP Safe-App gekoppelt.<\/p>\n<\/div><div class=\"fusion-video fusion-vimeo\" style=\"max-width:1100px;max-height:700px;\"><div class=\"video-shortcode\"><iframe title=\"Vimeo video player 7\" src=\"https:\/\/player.vimeo.com\/video\/569329742?autoplay=0&autopause=0\" width=\"1100\" height=\"700\" allowfullscreen allow=\"autoplay; fullscreen\"><\/iframe><\/div><\/div><div class=\"fusion-sep-clear\"><\/div><div class=\"fusion-separator fusion-full-width-sep\" style=\"margin-left: auto;margin-right: auto;margin-top:20px;margin-bottom:20px;width:100%;\"><\/div><div class=\"fusion-sep-clear\"><\/div><div class=\"fusion-clearfix\"><\/div><\/div><\/div><\/div><\/div><\/p>\n","protected":false},"excerpt":{"rendered":"","protected":false},"author":1,"featured_media":0,"parent":0,"menu_order":0,"comment_status":"closed","ping_status":"closed","template":"","meta":{"footnotes":""},"class_list":["post-1181","page","type-page","status-publish","hentry"],"_links":{"self":[{"href":"https:\/\/support.fp-safe.com\/de\/wp-json\/wp\/v2\/pages\/1181","targetHints":{"allow":["GET"]}}],"collection":[{"href":"https:\/\/support.fp-safe.com\/de\/wp-json\/wp\/v2\/pages"}],"about":[{"href":"https:\/\/support.fp-safe.com\/de\/wp-json\/wp\/v2\/types\/page"}],"author":[{"embeddable":true,"href":"https:\/\/support.fp-safe.com\/de\/wp-json\/wp\/v2\/users\/1"}],"replies":[{"embeddable":true,"href":"https:\/\/support.fp-safe.com\/de\/wp-json\/wp\/v2\/comments?post=1181"}],"version-history":[{"count":4,"href":"https:\/\/support.fp-safe.com\/de\/wp-json\/wp\/v2\/pages\/1181\/revisions"}],"predecessor-version":[{"id":1260,"href":"https:\/\/support.fp-safe.com\/de\/wp-json\/wp\/v2\/pages\/1181\/revisions\/1260"}],"wp:attachment":[{"href":"https:\/\/support.fp-safe.com\/de\/wp-json\/wp\/v2\/media?parent=1181"}],"curies":[{"name":"wp","href":"https:\/\/api.w.org\/{rel}","templated":true}]}}